{"id":210,"date":"2020-12-03T15:00:26","date_gmt":"2020-12-03T14:00:26","guid":{"rendered":"https:\/\/www.urlaub-im-zillertal.at\/haus-wechselberger\/?page_id=210"},"modified":"2025-07-21T09:55:04","modified_gmt":"2025-07-21T07:55:04","slug":"ferienwohnung_2_stock","status":"publish","type":"page","link":"https:\/\/www.urlaub-im-zillertal.at\/haus-wechselberger\/zimmer_und_appartements\/ferienwohnung_2_stock\/","title":{"rendered":"Ferienwohnung 2. Stock"},"content":{"rendered":"<p>[et_pb_section fb_built=&#8220;1&#8243; next_background_color=&#8220;#ffffff&#8220; _builder_version=&#8220;4.16&#8243; _module_preset=&#8220;default&#8220; use_background_color_gradient=&#8220;on&#8220; background_color_gradient_direction=&#8220;1deg&#8220; background_color_gradient_stops=&#8220;rgba(216,216,216,0.32) 0%|#ffffff 100%&#8220; background_color_gradient_start=&#8220;rgba(216,216,216,0.32)&#8220; background_color_gradient_end=&#8220;#ffffff&#8220; bottom_divider_style=&#8220;arrow3&#8243; bottom_divider_height=&#8220;50px&#8220; global_colors_info=&#8220;{}&#8220;][et_pb_row _builder_version=&#8220;4.16&#8243; _module_preset=&#8220;default&#8220; global_colors_info=&#8220;{}&#8220;][et_pb_column type=&#8220;4_4&#8243; _builder_version=&#8220;4.16&#8243; _module_preset=&#8220;default&#8220; global_colors_info=&#8220;{}&#8220;][et_pb_text _builder_version=&#8220;4.16&#8243; _module_preset=&#8220;default&#8220; custom_padding=&#8220;0px|||||&#8220; global_colors_info=&#8220;{}&#8220;]<\/p>\n<h2 style=\"text-align: center\"><strong>Ferienwohnung 2. Stock<\/strong><\/h2>\n<p>&nbsp;<\/p>\n<p style=\"text-align: center\"><img loading=\"lazy\" decoding=\"async\" src=\"http:\/\/www.urlaub-im-zillertal.at\/apart-roswitha\/wp-content\/uploads\/sites\/2\/2020\/07\/icon_person.png\" width=\"24\" height=\"24\" alt=\"\" class=\"wp-image-175 alignnone size-full\" style=\"vertical-align: middle;margin-top: -3px\" \/>\u00a0 <strong>f\u00fcr 2-4 Personen<\/strong><strong>\u00a0<\/strong><\/p>\n<p>[\/et_pb_text][et_pb_slider _builder_version=&#8220;4.16&#8243; _module_preset=&#8220;default&#8220; height=&#8220;600px&#8220; height_tablet=&#8220;300px&#8220; height_phone=&#8220;50vw&#8220; height_last_edited=&#8220;on|tablet&#8220; box_shadow_style=&#8220;preset1&#8243; global_colors_info=&#8220;{}&#8220;][et_pb_slide admin_title=&#8220;Schlafzimmer&#8220; _builder_version=&#8220;4.16&#8243; _module_preset=&#8220;default&#8220; background_color=&#8220;rgba(0,0,0,0)&#8220; background_enable_color=&#8220;on&#8220; background_image=&#8220;https:\/\/www.urlaub-im-zillertal.at\/haus-wechselberger\/wp-content\/uploads\/sites\/3\/2020\/09\/DSC_0056.jpg&#8220; background_enable_image=&#8220;on&#8220; global_colors_info=&#8220;{}&#8220; sticky_transition=&#8220;on&#8220;][\/et_pb_slide][et_pb_slide admin_title=&#8220;K\u00fcche&#8220; _builder_version=&#8220;4.16&#8243; _module_preset=&#8220;default&#8220; background_image=&#8220;https:\/\/www.urlaub-im-zillertal.at\/haus-wechselberger\/wp-content\/uploads\/sites\/3\/2020\/09\/DSC_0069.jpg&#8220; background_enable_image=&#8220;on&#8220; global_colors_info=&#8220;{}&#8220; sticky_transition=&#8220;on&#8220;][\/et_pb_slide][et_pb_slide admin_title=&#8220;Sitzecke&#8220; _builder_version=&#8220;4.16&#8243; _module_preset=&#8220;default&#8220; background_image=&#8220;https:\/\/www.urlaub-im-zillertal.at\/haus-wechselberger\/wp-content\/uploads\/sites\/3\/2020\/09\/DSC_0063.jpg&#8220; background_enable_image=&#8220;on&#8220; global_colors_info=&#8220;{}&#8220; sticky_transition=&#8220;on&#8220;][\/et_pb_slide][et_pb_slide admin_title=&#8220;Stockbett&#8220; _builder_version=&#8220;4.16&#8243; _module_preset=&#8220;default&#8220; background_image=&#8220;https:\/\/www.urlaub-im-zillertal.at\/haus-wechselberger\/wp-content\/uploads\/sites\/3\/2020\/09\/DSC_0077.jpg&#8220; background_enable_image=&#8220;on&#8220; global_colors_info=&#8220;{}&#8220; sticky_transition=&#8220;on&#8220;][\/et_pb_slide][et_pb_slide admin_title=&#8220;Vorraum&#8220; _builder_version=&#8220;4.16&#8243; _module_preset=&#8220;default&#8220; background_image=&#8220;https:\/\/www.urlaub-im-zillertal.at\/haus-wechselberger\/wp-content\/uploads\/sites\/3\/2020\/09\/DSC_0060.jpg&#8220; background_enable_image=&#8220;on&#8220; global_colors_info=&#8220;{}&#8220; sticky_transition=&#8220;on&#8220;][\/et_pb_slide][\/et_pb_slider][\/et_pb_column][\/et_pb_row][et_pb_row column_structure=&#8220;1_2,1_2&#8243; _builder_version=&#8220;4.16&#8243; _module_preset=&#8220;default&#8220; global_colors_info=&#8220;{}&#8220;][et_pb_column type=&#8220;1_2&#8243; _builder_version=&#8220;4.16&#8243; _module_preset=&#8220;default&#8220; global_colors_info=&#8220;{}&#8220;][et_pb_text _builder_version=&#8220;4.16&#8243; _module_preset=&#8220;default&#8220; global_colors_info=&#8220;{}&#8220;]<\/p>\n<p>Ferienwohnung <strong>in bester Lage, direkt an der Horbergbahn!<\/strong><\/p>\n<p>Sommer wie Winter z\u00e4hlt das Zillertal mit all seinen Sport- und Freizeitangeboten zu den Top Urlaubsregionen in den Alpen.<br \/>Mehr dazu finden Sie <strong><a href=\"https:\/\/www.urlaub-im-zillertal.at\/haus-wechselberger\/rundherum\/\">hier<\/a><\/strong>.<\/p>\n<p>[\/et_pb_text][\/et_pb_column][et_pb_column type=&#8220;1_2&#8243; _builder_version=&#8220;4.16&#8243; _module_preset=&#8220;default&#8220; global_colors_info=&#8220;{}&#8220;][et_pb_text _builder_version=&#8220;4.16&#8243; _module_preset=&#8220;default&#8220; global_colors_info=&#8220;{}&#8220;]<\/p>\n<p><strong>Check-In:<\/strong> ab 14:00 Uhr<br \/> <strong>Check-Out:<\/strong> bis 09:00 Uhr<\/p>\n<p>Unsere <strong><a href=\"#buchungsbedingungen\">Buchungs- und Stornobedingungen<\/a><\/strong> finden Sie im Anschluss.<\/p>\n<p>[\/et_pb_text][\/et_pb_column][\/et_pb_row][et_pb_row _builder_version=&#8220;4.16&#8243; _module_preset=&#8220;default&#8220; global_colors_info=&#8220;{}&#8220;][et_pb_column type=&#8220;4_4&#8243; _builder_version=&#8220;4.16&#8243; _module_preset=&#8220;default&#8220; global_colors_info=&#8220;{}&#8220;][et_pb_button button_url=&#8220;https:\/\/www.urlaub-im-zillertal.at\/haus-wechselberger\/anfrage\/&#8220; button_text=&#8220;Jetzt Angebot einholen&#8220; button_alignment=&#8220;center&#8220; button_alignment_tablet=&#8220;center&#8220; button_alignment_phone=&#8220;&#8220; button_alignment_last_edited=&#8220;on|desktop&#8220; _builder_version=&#8220;4.16&#8243; _module_preset=&#8220;default&#8220; custom_button=&#8220;on&#8220; button_text_color=&#8220;#ffffff&#8220; button_bg_color=&#8220;#77451f&#8220; button_border_color=&#8220;rgba(0,0,0,0)&#8220; button_border_radius=&#8220;6px&#8220; global_colors_info=&#8220;{}&#8220;][\/et_pb_button][\/et_pb_column][\/et_pb_row][\/et_pb_section][et_pb_section fb_built=&#8220;1&#8243; _builder_version=&#8220;4.16&#8243; _module_preset=&#8220;default&#8220; background_color=&#8220;#ffffff&#8220; custom_padding=&#8220;0px|||||&#8220; global_colors_info=&#8220;{}&#8220;][et_pb_row module_id=&#8220;ausstattung&#8220; _builder_version=&#8220;4.16&#8243; _module_preset=&#8220;default&#8220; global_colors_info=&#8220;{}&#8220;][et_pb_column type=&#8220;4_4&#8243; _builder_version=&#8220;4.16&#8243; _module_preset=&#8220;default&#8220; global_colors_info=&#8220;{}&#8220;][et_pb_text _builder_version=&#8220;4.16&#8243; _module_preset=&#8220;default&#8220; header_3_text_color=&#8220;#77451f&#8220; global_colors_info=&#8220;{}&#8220;]<\/p>\n<h3 style=\"text-align: center\">Ausstattung<\/h3>\n<p>[\/et_pb_text][\/et_pb_column][\/et_pb_row][et_pb_row column_structure=&#8220;1_2,1_2&#8243; _builder_version=&#8220;4.16&#8243; _module_preset=&#8220;default&#8220; global_colors_info=&#8220;{}&#8220;][et_pb_column type=&#8220;1_2&#8243; _builder_version=&#8220;4.16&#8243; _module_preset=&#8220;default&#8220; global_colors_info=&#8220;{}&#8220;][et_pb_text _builder_version=&#8220;4.16&#8243; _module_preset=&#8220;default&#8220; global_colors_info=&#8220;{}&#8220;]<\/p>\n<p><img loading=\"lazy\" decoding=\"async\" src=\"http:\/\/www.urlaub-im-zillertal.at\/apart-roswitha\/wp-content\/uploads\/sites\/2\/2020\/07\/icon-2.png\" width=\"25\" height=\"25\" alt=\"\" class=\"wp-image-45 alignnone size-full\" style=\"vertical-align: middle;margin-top: -7px\" \/>\u00a0<strong>2<span>\u00a0getrennte Schlafzimmer<\/p>\n<p><\/span><\/strong><\/p>\n<ul>\n<li>ein Doppelzimmer mit Waschbecken<\/li>\n<li>ein Zimmer mit Stockbetten<\/li>\n<\/ul>\n<p>[\/et_pb_text][et_pb_text _builder_version=&#8220;4.16&#8243; _module_preset=&#8220;default&#8220; custom_padding=&#8220;||||false|false&#8220; global_colors_info=&#8220;{}&#8220;]<\/p>\n<p><img loading=\"lazy\" decoding=\"async\" src=\"http:\/\/www.urlaub-im-zillertal.at\/apart-roswitha\/wp-content\/uploads\/sites\/2\/2020\/07\/icon-2.png\" width=\"25\" height=\"25\" alt=\"\" class=\"wp-image-45 alignnone size-full\" style=\"vertical-align: middle;margin-top: -7px\" \/> <strong>sehr gut ausgestattete Wohnk\u00fcche<\/strong><span>\u00a0mit<\/p>\n<p><\/span><\/p>\n<ul>\n<li><span>gem\u00fctlicher Sitzecke<\/span><\/li>\n<li><span>Sat-TV<\/span><\/li>\n<li><span>Kaffeemaschine<\/span><\/li>\n<li><span>E-Herd mit Backrohr, Dunstabzug<\/span><\/li>\n<li><span>K\u00fchlschrank mit Gefrierm\u00f6glichkeit<\/span><\/li>\n<li><span>Sp\u00fclmaschine<\/span><\/li>\n<li><span>K\u00fcchenutensilien und Geschirr<\/span><\/li>\n<\/ul>\n<p>[\/et_pb_text][\/et_pb_column][et_pb_column type=&#8220;1_2&#8243; _builder_version=&#8220;4.16&#8243; _module_preset=&#8220;default&#8220; global_colors_info=&#8220;{}&#8220;][et_pb_text _builder_version=&#8220;4.16&#8243; _module_preset=&#8220;default&#8220; global_colors_info=&#8220;{}&#8220;]<\/p>\n<p><img loading=\"lazy\" decoding=\"async\" src=\"http:\/\/www.urlaub-im-zillertal.at\/apart-roswitha\/wp-content\/uploads\/sites\/2\/2020\/07\/icon-2.png\" width=\"25\" height=\"25\" alt=\"\" class=\"wp-image-45 alignnone size-full\" style=\"vertical-align: middle;margin-top: -7px\" \/>\u00a0<strong>Bad mit Waschbecken, Dusche und WC<\/strong><\/p>\n<p>[\/et_pb_text][et_pb_text _builder_version=&#8220;4.16&#8243; _module_preset=&#8220;default&#8220; global_colors_info=&#8220;{}&#8220;]<\/p>\n<p><img loading=\"lazy\" decoding=\"async\" src=\"http:\/\/www.urlaub-im-zillertal.at\/apart-roswitha\/wp-content\/uploads\/sites\/2\/2020\/07\/icon-2.png\" width=\"25\" height=\"25\" alt=\"\" class=\"wp-image-45 alignnone size-full\" style=\"vertical-align: middle;margin-top: -7px\" \/>\u00a0<strong><span>Vorraum mit Garderobe<\/span><\/strong><\/p>\n<p>[\/et_pb_text][et_pb_text _builder_version=&#8220;4.16&#8243; _module_preset=&#8220;default&#8220; global_colors_info=&#8220;{}&#8220;]<\/p>\n<p><img loading=\"lazy\" decoding=\"async\" src=\"http:\/\/www.urlaub-im-zillertal.at\/apart-roswitha\/wp-content\/uploads\/sites\/2\/2020\/07\/icon-2.png\" width=\"25\" height=\"25\" alt=\"\" class=\"wp-image-45 alignnone size-full\" style=\"vertical-align: middle;margin-top: -7px\" \/>\u00a0<strong>Balkon<\/strong><\/p>\n<p>[\/et_pb_text][et_pb_text _builder_version=&#8220;4.16&#8243; _module_preset=&#8220;default&#8220; global_colors_info=&#8220;{}&#8220;]<img loading=\"lazy\" decoding=\"async\" src=\"http:\/\/www.urlaub-im-zillertal.at\/apart-roswitha\/wp-content\/uploads\/sites\/2\/2020\/07\/icon-2.png\" width=\"25\" height=\"25\" alt=\"\" class=\"wp-image-45 alignnone size-full\" style=\"vertical-align: middle;margin-top: -7px\"> <strong><span>Nichtraucherwohnung<\/span><\/strong>[\/et_pb_text][et_pb_text _builder_version=&#8220;4.16&#8243; _module_preset=&#8220;default&#8220; global_colors_info=&#8220;{}&#8220;]<\/p>\n<p><img loading=\"lazy\" decoding=\"async\" src=\"http:\/\/www.urlaub-im-zillertal.at\/apart-roswitha\/wp-content\/uploads\/sites\/2\/2020\/07\/icon-2.png\" width=\"25\" height=\"25\" alt=\"\" class=\"wp-image-45 alignnone size-full\" style=\"vertical-align: middle;margin-top: -7px\" \/> <strong><span>WLAN\u00a0<\/span><\/strong><span>inklusive!<\/span><\/p>\n<p>[\/et_pb_text][\/et_pb_column][\/et_pb_row][\/et_pb_section][et_pb_section fb_built=&#8220;1&#8243; _builder_version=&#8220;4.16&#8243; _module_preset=&#8220;default&#8220; background_color=&#8220;rgba(0,0,0,0)&#8220; use_background_color_gradient=&#8220;on&#8220; background_color_gradient_stops=&#8220;rgba(114,105,95,0.53) 0%|rgba(114,105,95,0.09) 100%&#8220; background_color_gradient_start=&#8220;rgba(114,105,95,0.53)&#8220; background_color_gradient_end=&#8220;rgba(114,105,95,0.09)&#8220; top_divider_style=&#8220;arrow3&#8243; top_divider_color=&#8220;#ffffff&#8220; top_divider_height=&#8220;50px&#8220; bottom_divider_style=&#8220;arrow3&#8243; bottom_divider_color=&#8220;#e5d3be&#8220; bottom_divider_height=&#8220;50px&#8220; bottom_divider_flip=&#8220;vertical|horizontal&#8220; global_colors_info=&#8220;{}&#8220;][et_pb_row module_id=&#8220;buchungsbedingungen&#8220; _builder_version=&#8220;4.16&#8243; _module_preset=&#8220;default&#8220; custom_padding=&#8220;75px||75px||false|false&#8220; global_colors_info=&#8220;{}&#8220;][et_pb_column type=&#8220;4_4&#8243; _builder_version=&#8220;4.16&#8243; _module_preset=&#8220;default&#8220; global_colors_info=&#8220;{}&#8220;][et_pb_text _builder_version=&#8220;4.16&#8243; _module_preset=&#8220;default&#8220; header_3_text_color=&#8220;#ffffff&#8220; global_colors_info=&#8220;{}&#8220;]<\/p>\n<h3 style=\"text-align: center\">Was Sie vor Ihrer Buchung wissen m\u00fcssen.<\/h3>\n<p>[\/et_pb_text][et_pb_accordion _builder_version=&#8220;4.27.4&#8243; _module_preset=&#8220;default&#8220; hover_enabled=&#8220;0&#8243; global_colors_info=&#8220;{}&#8220; sticky_enabled=&#8220;0&#8243;][et_pb_accordion_item title=&#8220;Buchungs- und Stornobedingungen&#8220; _builder_version=&#8220;4.27.4&#8243; _module_preset=&#8220;default&#8220; hover_enabled=&#8220;0&#8243; global_colors_info=&#8220;{}&#8220; open=&#8220;on&#8220; sticky_enabled=&#8220;0&#8243;]<\/p>\n<p>&nbsp;<\/p>\n<p><strong>Anzahlung:<br \/><\/strong>Bei Buchung ist eine Anzahlung zu leisten.<\/p>\n<p>Alle Preise verstehen sich in Euro pro Person und Nacht OHNE Ortstaxe.<\/p>\n<p><strong>Kurzaufenthalte:<\/strong><br \/>Kurzaufenthalte nur auf Anfrage.<\/p>\n<p><strong>Haustiere:<br \/><\/strong>Aus hygienischen Gr\u00fcnden sind Haustiere in unserer Unterkunft nicht gestattet.<\/p>\n<p><strong style=\"font-size: 14px;\">Stornostaffel generell:<\/strong><\/p>\n<ul>\n<li>Kostenlos bis 90 Tage vor Anreise<\/li>\n<li>30% des Gesamtbetrags zwischen 90 und 30 Tagen vor Anreise<\/li>\n<li>60% des Gesamtbetrags zwischen 30 und 14 Tagen vor Anreise<\/li>\n<li>80% ab 14 Tage vor Anreise<\/li>\n<li>Bei <strong>vorzeitiger Abreise <\/strong>wird <strong>100%<\/strong> des Gesamtbetrags verrechnet.<\/li>\n<\/ul>\n<p><strong><br \/>Reiser\u00fccktrittsversicherung:<br \/><\/strong>Wir empfehlen grunds\u00e4tzlich eine Reiser\u00fccktrittsversicherung abzuschlie\u00dfen. Die Kosten daf\u00fcr k\u00f6nnen Sie hier online abrufen:<br \/><a href=\"https:\/\/www.europaeische.at\/privatreisen\/reisen-ins-ausland\/reiseschutz\/\" target=\"_blank\" rel=\"noopener noreferrer\">Reiseschutz von Europ\u00e4ische Reiseversicherung<\/a><\/p>\n<p class=\"bodytext\">Das Widerrufsrecht nach \u00a7 18 Abs. 1 Z. 10 FAGG kommt nicht zur Anwendung, daf\u00fcr gelten bei uns die Allgemeinen Gesch\u00e4ftsbedingungen f\u00fcr die Hotellerie:<span>\u00a0<\/span><a href=\"https:\/\/www.hotelverband.at\/down\/AGBH_061115.pdf\" target=\"_blank\" rel=\"noopener noreferrer\">https:\/\/www.hotelverband.at<\/a><\/p>\n<p>[\/et_pb_accordion_item][et_pb_accordion_item title=&#8220;An- und Abreise&#8220; _builder_version=&#8220;4.16&#8243; _module_preset=&#8220;default&#8220; global_colors_info=&#8220;{}&#8220; open=&#8220;off&#8220;]<\/p>\n<p><strong>Anreise<br \/> <\/strong>Check-in ab 14.00 Uhr<br \/> Falls Sie fr\u00fcher da sind, k\u00f6nnen Sie sich gerne mit uns in Verbindung setzen.<\/p>\n<p><strong>Abreise<\/strong><br \/> Check-out bis 09.00 Uhr<\/p>\n<p><strong>Parkpl\u00e4tze<\/strong><br \/> Es sind ausreichend Parkpl\u00e4tze vorhanden.<\/p>\n<blockquote>\n<p>Auf \u00f6sterreichischen Autobahnen besteht Vignettenpflicht. Alle Informationen dazu finden Sie<span>\u00a0<\/span><a href=\"https:\/\/www.asfinag.at\/maut-vignette\/\" target=\"_blank\" rel=\"noopener noreferrer\">hier<\/a>.<\/p>\n<\/blockquote>\n<p>[\/et_pb_accordion_item][\/et_pb_accordion][\/et_pb_column][\/et_pb_row][\/et_pb_section]<\/p>\n","protected":false},"excerpt":{"rendered":"<p>Ferienwohnung 2. Stock &nbsp; \u00a0 f\u00fcr 2-4 Personen\u00a0Ferienwohnung in bester Lage, direkt an der Horbergbahn! Sommer wie Winter z\u00e4hlt das Zillertal mit all seinen Sport- und Freizeitangeboten zu den Top Urlaubsregionen in den Alpen.Mehr dazu finden Sie hier.Check-In: ab 14:00 Uhr Check-Out: bis 09:00 Uhr Unsere Buchungs- und Stornobedingungen finden Sie im Anschluss.Ausstattung\u00a02\u00a0getrennte Schlafzimmer ein [&hellip;]<\/p>\n","protected":false},"author":1,"featured_media":0,"parent":229,"menu_order":0,"comment_status":"closed","ping_status":"closed","template":"","meta":{"_et_pb_use_builder":"on","_et_pb_old_content":"","_et_gb_content_width":"","footnotes":""},"class_list":["post-210","page","type-page","status-publish","hentry"],"yoast_head":"<!-- This site is optimized with the Yoast SEO plugin v27.5 - https:\/\/yoast.com\/product\/yoast-seo-wordpress\/ -->\n<title>Ferienwohnung 2. Stock - Haus Wechselberger<\/title>\n<meta name=\"robots\" content=\"index, follow, max-snippet:-1, max-image-preview:large, max-video-preview:-1\" \/>\n<link rel=\"canonical\" href=\"https:\/\/www.urlaub-im-zillertal.at\/haus-wechselberger\/zimmer_und_appartements\/ferienwohnung_2_stock\/\" \/>\n<meta property=\"og:locale\" content=\"de_DE\" \/>\n<meta property=\"og:type\" content=\"article\" \/>\n<meta property=\"og:title\" content=\"Ferienwohnung 2. Stock - Haus Wechselberger\" \/>\n<meta property=\"og:description\" content=\"Ferienwohnung 2. Stock &nbsp; \u00a0 f\u00fcr 2-4 Personen\u00a0Ferienwohnung in bester Lage, direkt an der Horbergbahn! Sommer wie Winter z\u00e4hlt das Zillertal mit all seinen Sport- und Freizeitangeboten zu den Top Urlaubsregionen in den Alpen.Mehr dazu finden Sie hier.Check-In: ab 14:00 Uhr Check-Out: bis 09:00 Uhr Unsere Buchungs- und Stornobedingungen finden Sie im Anschluss.Ausstattung\u00a02\u00a0getrennte Schlafzimmer ein [&hellip;]\" \/>\n<meta property=\"og:url\" content=\"https:\/\/www.urlaub-im-zillertal.at\/haus-wechselberger\/zimmer_und_appartements\/ferienwohnung_2_stock\/\" \/>\n<meta property=\"og:site_name\" content=\"Haus Wechselberger\" \/>\n<meta property=\"article:modified_time\" content=\"2025-07-21T07:55:04+00:00\" \/>\n<meta name=\"twitter:card\" content=\"summary_large_image\" \/>\n<meta name=\"twitter:label1\" content=\"Gesch\u00e4tzte Lesezeit\" \/>\n\t<meta name=\"twitter:data1\" content=\"6\u00a0Minuten\" \/>\n<script type=\"application\/ld+json\" class=\"yoast-schema-graph\">{\"@context\":\"https:\\\/\\\/schema.org\",\"@graph\":[{\"@type\":\"WebPage\",\"@id\":\"https:\\\/\\\/www.urlaub-im-zillertal.at\\\/haus-wechselberger\\\/zimmer_und_appartements\\\/ferienwohnung_2_stock\\\/\",\"url\":\"https:\\\/\\\/www.urlaub-im-zillertal.at\\\/haus-wechselberger\\\/zimmer_und_appartements\\\/ferienwohnung_2_stock\\\/\",\"name\":\"Ferienwohnung 2. Stock - Haus Wechselberger\",\"isPartOf\":{\"@id\":\"https:\\\/\\\/www.urlaub-im-zillertal.at\\\/haus-wechselberger\\\/#website\"},\"primaryImageOfPage\":{\"@id\":\"https:\\\/\\\/www.urlaub-im-zillertal.at\\\/haus-wechselberger\\\/zimmer_und_appartements\\\/ferienwohnung_2_stock\\\/#primaryimage\"},\"image\":{\"@id\":\"https:\\\/\\\/www.urlaub-im-zillertal.at\\\/haus-wechselberger\\\/zimmer_und_appartements\\\/ferienwohnung_2_stock\\\/#primaryimage\"},\"thumbnailUrl\":\"http:\\\/\\\/www.urlaub-im-zillertal.at\\\/apart-roswitha\\\/wp-content\\\/uploads\\\/sites\\\/2\\\/2020\\\/07\\\/icon_person.png\",\"datePublished\":\"2020-12-03T14:00:26+00:00\",\"dateModified\":\"2025-07-21T07:55:04+00:00\",\"breadcrumb\":{\"@id\":\"https:\\\/\\\/www.urlaub-im-zillertal.at\\\/haus-wechselberger\\\/zimmer_und_appartements\\\/ferienwohnung_2_stock\\\/#breadcrumb\"},\"inLanguage\":\"de\",\"potentialAction\":[{\"@type\":\"ReadAction\",\"target\":[\"https:\\\/\\\/www.urlaub-im-zillertal.at\\\/haus-wechselberger\\\/zimmer_und_appartements\\\/ferienwohnung_2_stock\\\/\"]}]},{\"@type\":\"ImageObject\",\"inLanguage\":\"de\",\"@id\":\"https:\\\/\\\/www.urlaub-im-zillertal.at\\\/haus-wechselberger\\\/zimmer_und_appartements\\\/ferienwohnung_2_stock\\\/#primaryimage\",\"url\":\"http:\\\/\\\/www.urlaub-im-zillertal.at\\\/apart-roswitha\\\/wp-content\\\/uploads\\\/sites\\\/2\\\/2020\\\/07\\\/icon_person.png\",\"contentUrl\":\"http:\\\/\\\/www.urlaub-im-zillertal.at\\\/apart-roswitha\\\/wp-content\\\/uploads\\\/sites\\\/2\\\/2020\\\/07\\\/icon_person.png\"},{\"@type\":\"BreadcrumbList\",\"@id\":\"https:\\\/\\\/www.urlaub-im-zillertal.at\\\/haus-wechselberger\\\/zimmer_und_appartements\\\/ferienwohnung_2_stock\\\/#breadcrumb\",\"itemListElement\":[{\"@type\":\"ListItem\",\"position\":1,\"name\":\"Startseite\",\"item\":\"https:\\\/\\\/www.urlaub-im-zillertal.at\\\/haus-wechselberger\\\/\"},{\"@type\":\"ListItem\",\"position\":2,\"name\":\"Zimmer und Appartements\",\"item\":\"https:\\\/\\\/www.urlaub-im-zillertal.at\\\/haus-wechselberger\\\/zimmer_und_appartements\\\/\"},{\"@type\":\"ListItem\",\"position\":3,\"name\":\"Ferienwohnung 2. Stock\"}]},{\"@type\":\"WebSite\",\"@id\":\"https:\\\/\\\/www.urlaub-im-zillertal.at\\\/haus-wechselberger\\\/#website\",\"url\":\"https:\\\/\\\/www.urlaub-im-zillertal.at\\\/haus-wechselberger\\\/\",\"name\":\"Haus Wechselberger\",\"description\":\"Ankommen und Wohlf\u00fchlen\",\"potentialAction\":[{\"@type\":\"SearchAction\",\"target\":{\"@type\":\"EntryPoint\",\"urlTemplate\":\"https:\\\/\\\/www.urlaub-im-zillertal.at\\\/haus-wechselberger\\\/?s={search_term_string}\"},\"query-input\":{\"@type\":\"PropertyValueSpecification\",\"valueRequired\":true,\"valueName\":\"search_term_string\"}}],\"inLanguage\":\"de\"}]}<\/script>\n<!-- \/ Yoast SEO plugin. -->","yoast_head_json":{"title":"Ferienwohnung 2. Stock - Haus Wechselberger","robots":{"index":"index","follow":"follow","max-snippet":"max-snippet:-1","max-image-preview":"max-image-preview:large","max-video-preview":"max-video-preview:-1"},"canonical":"https:\/\/www.urlaub-im-zillertal.at\/haus-wechselberger\/zimmer_und_appartements\/ferienwohnung_2_stock\/","og_locale":"de_DE","og_type":"article","og_title":"Ferienwohnung 2. Stock - Haus Wechselberger","og_description":"Ferienwohnung 2. Stock &nbsp; \u00a0 f\u00fcr 2-4 Personen\u00a0Ferienwohnung in bester Lage, direkt an der Horbergbahn! Sommer wie Winter z\u00e4hlt das Zillertal mit all seinen Sport- und Freizeitangeboten zu den Top Urlaubsregionen in den Alpen.Mehr dazu finden Sie hier.Check-In: ab 14:00 Uhr Check-Out: bis 09:00 Uhr Unsere Buchungs- und Stornobedingungen finden Sie im Anschluss.Ausstattung\u00a02\u00a0getrennte Schlafzimmer ein [&hellip;]","og_url":"https:\/\/www.urlaub-im-zillertal.at\/haus-wechselberger\/zimmer_und_appartements\/ferienwohnung_2_stock\/","og_site_name":"Haus Wechselberger","article_modified_time":"2025-07-21T07:55:04+00:00","twitter_card":"summary_large_image","twitter_misc":{"Gesch\u00e4tzte Lesezeit":"6\u00a0Minuten"},"schema":{"@context":"https:\/\/schema.org","@graph":[{"@type":"WebPage","@id":"https:\/\/www.urlaub-im-zillertal.at\/haus-wechselberger\/zimmer_und_appartements\/ferienwohnung_2_stock\/","url":"https:\/\/www.urlaub-im-zillertal.at\/haus-wechselberger\/zimmer_und_appartements\/ferienwohnung_2_stock\/","name":"Ferienwohnung 2. Stock - Haus Wechselberger","isPartOf":{"@id":"https:\/\/www.urlaub-im-zillertal.at\/haus-wechselberger\/#website"},"primaryImageOfPage":{"@id":"https:\/\/www.urlaub-im-zillertal.at\/haus-wechselberger\/zimmer_und_appartements\/ferienwohnung_2_stock\/#primaryimage"},"image":{"@id":"https:\/\/www.urlaub-im-zillertal.at\/haus-wechselberger\/zimmer_und_appartements\/ferienwohnung_2_stock\/#primaryimage"},"thumbnailUrl":"http:\/\/www.urlaub-im-zillertal.at\/apart-roswitha\/wp-content\/uploads\/sites\/2\/2020\/07\/icon_person.png","datePublished":"2020-12-03T14:00:26+00:00","dateModified":"2025-07-21T07:55:04+00:00","breadcrumb":{"@id":"https:\/\/www.urlaub-im-zillertal.at\/haus-wechselberger\/zimmer_und_appartements\/ferienwohnung_2_stock\/#breadcrumb"},"inLanguage":"de","potentialAction":[{"@type":"ReadAction","target":["https:\/\/www.urlaub-im-zillertal.at\/haus-wechselberger\/zimmer_und_appartements\/ferienwohnung_2_stock\/"]}]},{"@type":"ImageObject","inLanguage":"de","@id":"https:\/\/www.urlaub-im-zillertal.at\/haus-wechselberger\/zimmer_und_appartements\/ferienwohnung_2_stock\/#primaryimage","url":"http:\/\/www.urlaub-im-zillertal.at\/apart-roswitha\/wp-content\/uploads\/sites\/2\/2020\/07\/icon_person.png","contentUrl":"http:\/\/www.urlaub-im-zillertal.at\/apart-roswitha\/wp-content\/uploads\/sites\/2\/2020\/07\/icon_person.png"},{"@type":"BreadcrumbList","@id":"https:\/\/www.urlaub-im-zillertal.at\/haus-wechselberger\/zimmer_und_appartements\/ferienwohnung_2_stock\/#breadcrumb","itemListElement":[{"@type":"ListItem","position":1,"name":"Startseite","item":"https:\/\/www.urlaub-im-zillertal.at\/haus-wechselberger\/"},{"@type":"ListItem","position":2,"name":"Zimmer und Appartements","item":"https:\/\/www.urlaub-im-zillertal.at\/haus-wechselberger\/zimmer_und_appartements\/"},{"@type":"ListItem","position":3,"name":"Ferienwohnung 2. Stock"}]},{"@type":"WebSite","@id":"https:\/\/www.urlaub-im-zillertal.at\/haus-wechselberger\/#website","url":"https:\/\/www.urlaub-im-zillertal.at\/haus-wechselberger\/","name":"Haus Wechselberger","description":"Ankommen und Wohlf\u00fchlen","potentialAction":[{"@type":"SearchAction","target":{"@type":"EntryPoint","urlTemplate":"https:\/\/www.urlaub-im-zillertal.at\/haus-wechselberger\/?s={search_term_string}"},"query-input":{"@type":"PropertyValueSpecification","valueRequired":true,"valueName":"search_term_string"}}],"inLanguage":"de"}]}},"_links":{"self":[{"href":"https:\/\/www.urlaub-im-zillertal.at\/haus-wechselberger\/wp-json\/wp\/v2\/pages\/210","targetHints":{"allow":["GET"]}}],"collection":[{"href":"https:\/\/www.urlaub-im-zillertal.at\/haus-wechselberger\/wp-json\/wp\/v2\/pages"}],"about":[{"href":"https:\/\/www.urlaub-im-zillertal.at\/haus-wechselberger\/wp-json\/wp\/v2\/types\/page"}],"author":[{"embeddable":true,"href":"https:\/\/www.urlaub-im-zillertal.at\/haus-wechselberger\/wp-json\/wp\/v2\/users\/1"}],"replies":[{"embeddable":true,"href":"https:\/\/www.urlaub-im-zillertal.at\/haus-wechselberger\/wp-json\/wp\/v2\/comments?post=210"}],"version-history":[{"count":19,"href":"https:\/\/www.urlaub-im-zillertal.at\/haus-wechselberger\/wp-json\/wp\/v2\/pages\/210\/revisions"}],"predecessor-version":[{"id":2146,"href":"https:\/\/www.urlaub-im-zillertal.at\/haus-wechselberger\/wp-json\/wp\/v2\/pages\/210\/revisions\/2146"}],"up":[{"embeddable":true,"href":"https:\/\/www.urlaub-im-zillertal.at\/haus-wechselberger\/wp-json\/wp\/v2\/pages\/229"}],"wp:attachment":[{"href":"https:\/\/www.urlaub-im-zillertal.at\/haus-wechselberger\/wp-json\/wp\/v2\/media?parent=210"}],"curies":[{"name":"wp","href":"https:\/\/api.w.org\/{rel}","templated":true}]}}