{"id":18,"date":"2020-07-07T21:49:22","date_gmt":"2020-07-07T19:49:22","guid":{"rendered":"http:\/\/www.urlaub-im-zillertal.at\/haus-wechselberger\/preise-sommer\/"},"modified":"2025-07-21T14:02:30","modified_gmt":"2025-07-21T12:02:30","slug":"preise","status":"publish","type":"page","link":"https:\/\/www.urlaub-im-zillertal.at\/haus-wechselberger\/preise\/","title":{"rendered":"Preise"},"content":{"rendered":"<p>[et_pb_section fb_built=&#8220;1&#8243; custom_padding_last_edited=&#8220;on|tablet&#8220; prev_background_color=&#8220;#ffffff&#8220; _builder_version=&#8220;4.27.4&#8243; _module_preset=&#8220;default&#8220; use_background_color_gradient=&#8220;on&#8220; background_color_gradient_stops=&#8220;rgba(0,0,0,0) 0%|#ffffff 100%&#8220; background_color_gradient_start=&#8220;rgba(0,0,0,0)&#8220; background_color_gradient_end=&#8220;#ffffff&#8220; background_image=&#8220;http:\/\/www.urlaub-im-zillertal.at\/apart-roswitha\/wp-content\/uploads\/sites\/2\/2020\/07\/20170421_093910.jpg&#8220; background_blend=&#8220;overlay&#8220; custom_padding_tablet=&#8220;||0px||false|false&#8220; custom_padding_phone=&#8220;||0px||false|false&#8220; top_divider_style=&#8220;arrow3&#8243; top_divider_height=&#8220;50px&#8220; global_colors_info=&#8220;{}&#8220;][et_pb_row _builder_version=&#8220;4.16&#8243; _module_preset=&#8220;default&#8220; global_colors_info=&#8220;{}&#8220;][et_pb_column type=&#8220;4_4&#8243; _builder_version=&#8220;4.16&#8243; _module_preset=&#8220;default&#8220; global_colors_info=&#8220;{}&#8220;][et_pb_text _builder_version=&#8220;4.16&#8243; _module_preset=&#8220;default&#8220; header_2_text_align=&#8220;center&#8220; header_2_text_color=&#8220;#ffffff&#8220; global_colors_info=&#8220;{}&#8220;]<\/p>\n<h2>Preise<\/h2>\n<p>[\/et_pb_text][\/et_pb_column][\/et_pb_row][et_pb_row column_structure=&#8220;1_2,1_2&#8243; _builder_version=&#8220;4.16&#8243; _module_preset=&#8220;default&#8220; global_colors_info=&#8220;{}&#8220;][et_pb_column type=&#8220;1_2&#8243; _builder_version=&#8220;4.16&#8243; _module_preset=&#8220;default&#8220; global_colors_info=&#8220;{}&#8220;][et_pb_text _builder_version=&#8220;4.27.4&#8243; _module_preset=&#8220;default&#8220; background_color=&#8220;#ffffff&#8220; custom_padding=&#8220;40px|20px|20px|20px|false|false&#8220; box_shadow_style=&#8220;preset1&#8243; global_colors_info=&#8220;{}&#8220;]<\/p>\n<h2 class=\"    \" style=\"text-align: center;\">Sommerpreise<\/p>\n<\/h2>\n<table border=\"0\" cellpadding=\"0\" cellspacing=\"0\" style=\"border: 0px solid black;\">\n<tbody>\n<tr>\n<td><strong>pro Person und Nacht<\/strong><\/td>\n<td style=\"text-align: right;\"><strong>EUR 30,-<\/strong><\/td>\n<\/tr>\n<\/tbody>\n<\/table>\n<p>[\/et_pb_text][\/et_pb_column][et_pb_column type=&#8220;1_2&#8243; _builder_version=&#8220;4.16&#8243; _module_preset=&#8220;default&#8220; global_colors_info=&#8220;{}&#8220;][et_pb_text _builder_version=&#8220;4.27.4&#8243; _module_preset=&#8220;default&#8220; background_color=&#8220;#ffffff&#8220; custom_padding=&#8220;40px|20px|20px|20px|false|false&#8220; box_shadow_style=&#8220;preset1&#8243; global_colors_info=&#8220;{}&#8220;]<\/p>\n<h2 class=\"    \" style=\"text-align: center;\">Winterpreise<\/h2>\n<p style=\"text-align: center;\">\n<table border=\"0\" cellpadding=\"0\" cellspacing=\"0\" style=\"border: 0px solid black;\">\n<tbody>\n<tr>\n<td style=\"width: 122px;\"><strong>bis 2 Personen je<\/strong><\/td>\n<td style=\"text-align: right; width: 75px;\"><strong>EUR 40,-<\/strong><\/td>\n<\/tr>\n<tr>\n<td style=\"width: 122px;\">weitere Personen je<\/td>\n<td style=\"text-align: right; width: 75px;\">EUR 38,-<\/td>\n<\/tr>\n<\/tbody>\n<\/table>\n<p>[\/et_pb_text][\/et_pb_column][\/et_pb_row][et_pb_row _builder_version=&#8220;4.16&#8243; _module_preset=&#8220;default&#8220; global_colors_info=&#8220;{}&#8220;][et_pb_column type=&#8220;4_4&#8243; _builder_version=&#8220;4.16&#8243; _module_preset=&#8220;default&#8220; global_colors_info=&#8220;{}&#8220;][et_pb_button button_url=&#8220;https:\/\/www.urlaub-im-zillertal.at\/haus-wechselberger\/anfrage\/&#8220; button_text=&#8220;Jetzt Angebot einholen&#8220; button_alignment=&#8220;center&#8220; button_alignment_tablet=&#8220;center&#8220; button_alignment_phone=&#8220;&#8220; button_alignment_last_edited=&#8220;on|desktop&#8220; _builder_version=&#8220;4.16&#8243; _module_preset=&#8220;default&#8220; custom_button=&#8220;on&#8220; button_text_color=&#8220;#ffffff&#8220; button_bg_color=&#8220;#77451f&#8220; button_border_color=&#8220;rgba(0,0,0,0)&#8220; button_border_radius=&#8220;6px&#8220; global_colors_info=&#8220;{}&#8220;][\/et_pb_button][\/et_pb_column][\/et_pb_row][et_pb_row _builder_version=&#8220;4.16&#8243; _module_preset=&#8220;default&#8220; global_colors_info=&#8220;{}&#8220;][et_pb_column type=&#8220;4_4&#8243; _builder_version=&#8220;4.16&#8243; _module_preset=&#8220;default&#8220; global_colors_info=&#8220;{}&#8220;][et_pb_cta title=&#8220;Wohnen in TOPLAGE &#8211; direkt an der Horbergbahn!&#8220; _builder_version=&#8220;4.16&#8243; _module_preset=&#8220;default&#8220; header_font_size=&#8220;18px&#8220; header_line_height=&#8220;1.4em&#8220; body_link_font=&#8220;||||on||||&#8220; body_link_text_color=&#8220;#ffffff&#8220; background_color=&#8220;rgba(0,0,0,0.2)&#8220; background_image=&#8220;http:\/\/www.urlaub-im-zillertal.at\/apart-roswitha\/wp-content\/uploads\/sites\/2\/2020\/07\/20170421_085146-1600&#215;900.jpg&#8220; custom_margin=&#8220;||||false|false&#8220; custom_padding=&#8220;25%|0px|0px|0px|false|false&#8220; custom_padding_tablet=&#8220;45%||||false|false&#8220; custom_padding_phone=&#8220;70%||||false|false&#8220; custom_padding_last_edited=&#8220;on|phone&#8220; custom_css_promo_description=&#8220;background-color: rgba(0,0,0,0.5);||padding: 20px;||margin-top: 7%;||margin-bottom: 0;||bottom: 0;&#8220; header_text_shadow_style=&#8220;preset3&#8243; body_text_shadow_style=&#8220;preset3&#8243; box_shadow_style=&#8220;preset1&#8243; text_shadow_style=&#8220;preset3&#8243; global_colors_info=&#8220;{}&#8220;][\/et_pb_cta][\/et_pb_column][\/et_pb_row][\/et_pb_section][et_pb_section fb_built=&#8220;1&#8243; custom_padding_last_edited=&#8220;on|desktop&#8220; _builder_version=&#8220;4.16&#8243; _module_preset=&#8220;default&#8220; custom_padding_tablet=&#8220;0px||||false|false&#8220; custom_padding_phone=&#8220;0px||||false|false&#8220; global_colors_info=&#8220;{}&#8220;][et_pb_row column_structure=&#8220;1_2,1_2&#8243; _builder_version=&#8220;4.16&#8243; _module_preset=&#8220;default&#8220; global_colors_info=&#8220;{}&#8220;][et_pb_column type=&#8220;1_2&#8243; _builder_version=&#8220;4.16&#8243; _module_preset=&#8220;default&#8220; global_colors_info=&#8220;{}&#8220;][et_pb_text _builder_version=&#8220;4.16&#8243; _module_preset=&#8220;default&#8220; header_2_text_color=&#8220;#77451f&#8220; global_colors_info=&#8220;{}&#8220;]<\/p>\n<h2 style=\"text-align: left\">Preisinformationen<\/h2>\n<p>[\/et_pb_text][et_pb_text _builder_version=&#8220;4.27.4&#8243; _module_preset=&#8220;default&#8220; hover_enabled=&#8220;0&#8243; global_colors_info=&#8220;{}&#8220; sticky_enabled=&#8220;0&#8243;]<\/p>\n<p>Die angef\u00fchrten Preise verstehen sich pro Person und Nacht inkl. WLAN.<\/p>\n<p>Die <strong>Ortstaxe<\/strong> in H\u00f6he von derzeit EUR 2,60 pro Person und Nacht, ab Dezember EUR 3,20 pro Person und Nacht (ab 15 Jahren) wird extra verrechnet!<\/p>\n<p><span style=\"font-size: 14px;\">Unsere <strong><a href=\"#buchungsbedingungen\">Buchungs- und Stornobedingungen<\/a><\/strong> finden Sie im Anschluss.<\/span><\/p>\n<p><strong>Kindererm\u00e4\u00dfigung auf Anfrage! <\/strong>(Bitte geben Sie uns hierf\u00fcr das genaue Alter der Kinder bei Reiseantritt bekannt.)<\/p>\n<p>[\/et_pb_text][et_pb_button button_url=&#8220;https:\/\/www.urlaub-im-zillertal.at\/haus-wechselberger\/anfrage\/&#8220; button_text=&#8220;Jetzt Angebot einholen&#8220; button_alignment=&#8220;left&#8220; button_alignment_tablet=&#8220;center&#8220; button_alignment_last_edited=&#8220;off|desktop&#8220; _builder_version=&#8220;4.16&#8243; _module_preset=&#8220;default&#8220; custom_button=&#8220;on&#8220; button_text_color=&#8220;#ffffff&#8220; button_bg_color=&#8220;#77451f&#8220; button_border_color=&#8220;rgba(0,0,0,0)&#8220; button_border_radius=&#8220;6px&#8220; global_colors_info=&#8220;{}&#8220;][\/et_pb_button][\/et_pb_column][et_pb_column type=&#8220;1_2&#8243; _builder_version=&#8220;4.16&#8243; _module_preset=&#8220;default&#8220; global_colors_info=&#8220;{}&#8220;][et_pb_image src=&#8220;https:\/\/www.urlaub-im-zillertal.at\/haus-wechselberger\/wp-content\/uploads\/sites\/3\/2020\/09\/Haus_WechselbergerResi_neu.jpg&#8220; title_text=&#8220;Haus Wechselberger&#8220; align_tablet=&#8220;center&#8220; align_phone=&#8220;&#8220; align_last_edited=&#8220;on|tablet&#8220; disabled_on=&#8220;on|on|off&#8220; _builder_version=&#8220;4.16&#8243; _module_preset=&#8220;default&#8220; transform_scale_tablet=&#8220;&#8220; transform_scale_phone=&#8220;&#8220; transform_scale_last_edited=&#8220;on|desktop&#8220; transform_translate=&#8220;-26px|-13px&#8220; transform_translate_tablet=&#8220;0px|0px&#8220; transform_translate_phone=&#8220;&#8220; transform_translate_last_edited=&#8220;on|tablet&#8220; transform_translate_linked=&#8220;off&#8220; transform_rotate=&#8220;0deg|0deg|3deg&#8220; transform_rotate_tablet=&#8220;0deg|0deg|0deg&#8220; transform_rotate_phone=&#8220;&#8220; transform_rotate_last_edited=&#8220;on|desktop&#8220; transform_skew_tablet=&#8220;&#8220; transform_skew_phone=&#8220;&#8220; transform_skew_last_edited=&#8220;on|desktop&#8220; transform_origin_tablet=&#8220;&#8220; transform_origin_phone=&#8220;&#8220; transform_origin_last_edited=&#8220;on|desktop&#8220; transform_styles_last_edited=&#8220;on|tablet&#8220; custom_margin=&#8220;40px||||false|false&#8220; transform_styles_tablet=&#8220;&#8220; transform_styles_phone=&#8220;&#8220; border_width_all=&#8220;10px&#8220; border_color_all=&#8220;#ffffff&#8220; box_shadow_style=&#8220;preset1&#8243; global_colors_info=&#8220;{}&#8220;][\/et_pb_image][\/et_pb_column][\/et_pb_row][\/et_pb_section][et_pb_section fb_built=&#8220;1&#8243; _builder_version=&#8220;4.16&#8243; _module_preset=&#8220;default&#8220; custom_padding=&#8220;0px|||||&#8220; bottom_divider_style=&#8220;arrow3&#8243; bottom_divider_color=&#8220;#e5d3be&#8220; bottom_divider_height=&#8220;50px&#8220; bottom_divider_repeat_tablet=&#8220;&#8220; bottom_divider_repeat_phone=&#8220;&#8220; bottom_divider_repeat_last_edited=&#8220;on|desktop&#8220; global_colors_info=&#8220;{}&#8220;][et_pb_row module_id=&#8220;buchungsbedingungen&#8220; _builder_version=&#8220;4.16&#8243; _module_preset=&#8220;default&#8220; global_colors_info=&#8220;{}&#8220;][et_pb_column type=&#8220;4_4&#8243; _builder_version=&#8220;4.16&#8243; _module_preset=&#8220;default&#8220; global_colors_info=&#8220;{}&#8220;][et_pb_text _builder_version=&#8220;4.16&#8243; _module_preset=&#8220;default&#8220; header_3_text_color=&#8220;#000000&#8243; global_colors_info=&#8220;{}&#8220;]<\/p>\n<h3 style=\"text-align: center\">Was Sie vor Ihrer Buchung wissen m\u00fcssen.<\/h3>\n<p>[\/et_pb_text][et_pb_accordion _builder_version=&#8220;4.27.4&#8243; _module_preset=&#8220;default&#8220; global_colors_info=&#8220;{}&#8220;][et_pb_accordion_item title=&#8220;Buchungs- und Stornobedingungen&#8220; open=&#8220;on&#8220; _builder_version=&#8220;4.27.4&#8243; _module_preset=&#8220;default&#8220; global_colors_info=&#8220;{}&#8220;]<\/p>\n<blockquote><\/blockquote>\n<p><strong>Anzahlung:<br \/><\/strong>Bei Buchung ist eine Anzahlung zu leisten.<\/p>\n<p>Alle Preise verstehen sich in Euro pro Person und Nacht OHNE Ortstaxe.<\/p>\n<p><strong>Kurzaufenthalte:<\/strong><br \/>Kurzaufenthalte nur auf Anfrage.<\/p>\n<p><strong>Haustiere:<br \/><\/strong>Aus hygienischen Gr\u00fcnden sind Haustiere in unserer Unterkunft nicht gestattet.<\/p>\n<p><strong style=\"font-size: 14px;\"><\/strong><\/p>\n<p><strong style=\"font-size: 14px;\"><\/strong><\/p>\n<p><strong style=\"font-size: 14px;\">Stornostaffel generell:<\/strong><\/p>\n<ul>\n<li>Kostenlos bis 90 Tage vor Anreise<\/li>\n<li>30% des Gesamtbetrags zwischen 90 und 30 Tagen vor Anreise<\/li>\n<li>60% des Gesamtbetrags zwischen 30 und 14 Tagen vor Anreise<\/li>\n<li>80% ab 14 Tage vor Anreise<\/li>\n<li>Bei <strong>vorzeitiger Abreise <\/strong>wird <strong>100%<\/strong> des Gesamtbetrags verrechnet.<\/li>\n<\/ul>\n<p><strong><br \/>Reiser\u00fccktrittsversicherung:<br \/><\/strong>Wir empfehlen grunds\u00e4tzlich eine Reiser\u00fccktrittsversicherung abzuschlie\u00dfen. Die Kosten daf\u00fcr k\u00f6nnen Sie hier online abrufen:<br \/><a href=\"https:\/\/www.europaeische.at\/privatreisen\/reisen-ins-ausland\/reiseschutz\/\" target=\"_blank\" rel=\"noopener noreferrer\">Reiseschutz von Europ\u00e4ische Reiseversicherung<\/a><\/p>\n<p class=\"bodytext\">Das Widerrufsrecht nach \u00a7 18 Abs. 1 Z. 10 FAGG kommt nicht zur Anwendung, daf\u00fcr gelten bei uns die Allgemeinen Gesch\u00e4ftsbedingungen f\u00fcr die Hotellerie:<span>\u00a0<\/span><a href=\"https:\/\/www.hotelverband.at\/down\/AGBH_061115.pdf\" target=\"_blank\" rel=\"noopener noreferrer\">https:\/\/www.hotelverband.at<\/a><\/p>\n<p>[\/et_pb_accordion_item][et_pb_accordion_item title=&#8220;An- und Abreise&#8220; _builder_version=&#8220;4.16&#8243; _module_preset=&#8220;default&#8220; global_colors_info=&#8220;{}&#8220; open=&#8220;off&#8220;]<\/p>\n<p><strong>Anreise<br \/> <\/strong>Check-in ab 14.00 Uhr<br \/> Falls Sie fr\u00fcher da sind, k\u00f6nnen Sie sich gerne mit uns in Verbindung setzen.<\/p>\n<p><strong>Abreise<\/strong><br \/> Check-out bis 09.00 Uhr<\/p>\n<p><strong>Parkpl\u00e4tze<\/strong><br \/> Es sind ausreichend Parkpl\u00e4tze vorhanden.<\/p>\n<blockquote>\n<p>Auf \u00f6sterreichischen Autobahnen besteht Vignettenpflicht. Alle Informationen dazu finden Sie<span>\u00a0<\/span><a href=\"https:\/\/www.asfinag.at\/maut-vignette\/\" target=\"_blank\" rel=\"noopener noreferrer\">hier<\/a>.<\/p>\n<\/blockquote>\n<p>[\/et_pb_accordion_item][\/et_pb_accordion][\/et_pb_column][\/et_pb_row][\/et_pb_section]<\/p>\n","protected":false},"excerpt":{"rendered":"<p>PreiseSommerpreise pro Person und Nacht EUR 30,- Winterpreise bis 2 Personen je EUR 40,- weitere Personen je EUR 38,- PreisinformationenDie angef\u00fchrten Preise verstehen sich pro Person und Nacht inkl. WLAN. Die Ortstaxe in H\u00f6he von derzeit EUR 2,60 pro Person und Nacht, ab Dezember EUR 3,20 pro Person und Nacht (ab 15 Jahren) wird extra [&hellip;]<\/p>\n","protected":false},"author":1,"featured_media":0,"parent":0,"menu_order":3,"comment_status":"closed","ping_status":"closed","template":"","meta":{"_et_pb_use_builder":"on","_et_pb_old_content":"","_et_gb_content_width":"1080","footnotes":""},"class_list":["post-18","page","type-page","status-publish","hentry"],"yoast_head":"<!-- This site is optimized with the Yoast SEO plugin v27.6 - https:\/\/yoast.com\/product\/yoast-seo-wordpress\/ -->\n<title>Preise - Haus Wechselberger<\/title>\n<meta name=\"robots\" content=\"index, follow, max-snippet:-1, max-image-preview:large, max-video-preview:-1\" \/>\n<link rel=\"canonical\" href=\"https:\/\/www.urlaub-im-zillertal.at\/haus-wechselberger\/preise\/\" \/>\n<meta property=\"og:locale\" content=\"de_DE\" \/>\n<meta property=\"og:type\" content=\"article\" \/>\n<meta property=\"og:title\" content=\"Preise - Haus Wechselberger\" \/>\n<meta property=\"og:description\" content=\"PreiseSommerpreise pro Person und Nacht EUR 30,- Winterpreise bis 2 Personen je EUR 40,- weitere Personen je EUR 38,- PreisinformationenDie angef\u00fchrten Preise verstehen sich pro Person und Nacht inkl. WLAN. Die Ortstaxe in H\u00f6he von derzeit EUR 2,60 pro Person und Nacht, ab Dezember EUR 3,20 pro Person und Nacht (ab 15 Jahren) wird extra [&hellip;]\" \/>\n<meta property=\"og:url\" content=\"https:\/\/www.urlaub-im-zillertal.at\/haus-wechselberger\/preise\/\" \/>\n<meta property=\"og:site_name\" content=\"Haus Wechselberger\" \/>\n<meta property=\"article:modified_time\" content=\"2025-07-21T12:02:30+00:00\" \/>\n<meta name=\"twitter:card\" content=\"summary_large_image\" \/>\n<meta name=\"twitter:label1\" content=\"Gesch\u00e4tzte Lesezeit\" \/>\n\t<meta name=\"twitter:data1\" content=\"6\u00a0Minuten\" \/>\n<script type=\"application\/ld+json\" class=\"yoast-schema-graph\">{\"@context\":\"https:\\\/\\\/schema.org\",\"@graph\":[{\"@type\":\"WebPage\",\"@id\":\"https:\\\/\\\/www.urlaub-im-zillertal.at\\\/haus-wechselberger\\\/preise\\\/\",\"url\":\"https:\\\/\\\/www.urlaub-im-zillertal.at\\\/haus-wechselberger\\\/preise\\\/\",\"name\":\"Preise - Haus Wechselberger\",\"isPartOf\":{\"@id\":\"https:\\\/\\\/www.urlaub-im-zillertal.at\\\/haus-wechselberger\\\/#website\"},\"datePublished\":\"2020-07-07T19:49:22+00:00\",\"dateModified\":\"2025-07-21T12:02:30+00:00\",\"breadcrumb\":{\"@id\":\"https:\\\/\\\/www.urlaub-im-zillertal.at\\\/haus-wechselberger\\\/preise\\\/#breadcrumb\"},\"inLanguage\":\"de\",\"potentialAction\":[{\"@type\":\"ReadAction\",\"target\":[\"https:\\\/\\\/www.urlaub-im-zillertal.at\\\/haus-wechselberger\\\/preise\\\/\"]}]},{\"@type\":\"BreadcrumbList\",\"@id\":\"https:\\\/\\\/www.urlaub-im-zillertal.at\\\/haus-wechselberger\\\/preise\\\/#breadcrumb\",\"itemListElement\":[{\"@type\":\"ListItem\",\"position\":1,\"name\":\"Startseite\",\"item\":\"https:\\\/\\\/www.urlaub-im-zillertal.at\\\/haus-wechselberger\\\/\"},{\"@type\":\"ListItem\",\"position\":2,\"name\":\"Preise\"}]},{\"@type\":\"WebSite\",\"@id\":\"https:\\\/\\\/www.urlaub-im-zillertal.at\\\/haus-wechselberger\\\/#website\",\"url\":\"https:\\\/\\\/www.urlaub-im-zillertal.at\\\/haus-wechselberger\\\/\",\"name\":\"Haus Wechselberger\",\"description\":\"Ankommen und Wohlf\u00fchlen\",\"potentialAction\":[{\"@type\":\"SearchAction\",\"target\":{\"@type\":\"EntryPoint\",\"urlTemplate\":\"https:\\\/\\\/www.urlaub-im-zillertal.at\\\/haus-wechselberger\\\/?s={search_term_string}\"},\"query-input\":{\"@type\":\"PropertyValueSpecification\",\"valueRequired\":true,\"valueName\":\"search_term_string\"}}],\"inLanguage\":\"de\"}]}<\/script>\n<!-- \/ Yoast SEO plugin. -->","yoast_head_json":{"title":"Preise - Haus Wechselberger","robots":{"index":"index","follow":"follow","max-snippet":"max-snippet:-1","max-image-preview":"max-image-preview:large","max-video-preview":"max-video-preview:-1"},"canonical":"https:\/\/www.urlaub-im-zillertal.at\/haus-wechselberger\/preise\/","og_locale":"de_DE","og_type":"article","og_title":"Preise - Haus Wechselberger","og_description":"PreiseSommerpreise pro Person und Nacht EUR 30,- Winterpreise bis 2 Personen je EUR 40,- weitere Personen je EUR 38,- PreisinformationenDie angef\u00fchrten Preise verstehen sich pro Person und Nacht inkl. WLAN. Die Ortstaxe in H\u00f6he von derzeit EUR 2,60 pro Person und Nacht, ab Dezember EUR 3,20 pro Person und Nacht (ab 15 Jahren) wird extra [&hellip;]","og_url":"https:\/\/www.urlaub-im-zillertal.at\/haus-wechselberger\/preise\/","og_site_name":"Haus Wechselberger","article_modified_time":"2025-07-21T12:02:30+00:00","twitter_card":"summary_large_image","twitter_misc":{"Gesch\u00e4tzte Lesezeit":"6\u00a0Minuten"},"schema":{"@context":"https:\/\/schema.org","@graph":[{"@type":"WebPage","@id":"https:\/\/www.urlaub-im-zillertal.at\/haus-wechselberger\/preise\/","url":"https:\/\/www.urlaub-im-zillertal.at\/haus-wechselberger\/preise\/","name":"Preise - Haus Wechselberger","isPartOf":{"@id":"https:\/\/www.urlaub-im-zillertal.at\/haus-wechselberger\/#website"},"datePublished":"2020-07-07T19:49:22+00:00","dateModified":"2025-07-21T12:02:30+00:00","breadcrumb":{"@id":"https:\/\/www.urlaub-im-zillertal.at\/haus-wechselberger\/preise\/#breadcrumb"},"inLanguage":"de","potentialAction":[{"@type":"ReadAction","target":["https:\/\/www.urlaub-im-zillertal.at\/haus-wechselberger\/preise\/"]}]},{"@type":"BreadcrumbList","@id":"https:\/\/www.urlaub-im-zillertal.at\/haus-wechselberger\/preise\/#breadcrumb","itemListElement":[{"@type":"ListItem","position":1,"name":"Startseite","item":"https:\/\/www.urlaub-im-zillertal.at\/haus-wechselberger\/"},{"@type":"ListItem","position":2,"name":"Preise"}]},{"@type":"WebSite","@id":"https:\/\/www.urlaub-im-zillertal.at\/haus-wechselberger\/#website","url":"https:\/\/www.urlaub-im-zillertal.at\/haus-wechselberger\/","name":"Haus Wechselberger","description":"Ankommen und Wohlf\u00fchlen","potentialAction":[{"@type":"SearchAction","target":{"@type":"EntryPoint","urlTemplate":"https:\/\/www.urlaub-im-zillertal.at\/haus-wechselberger\/?s={search_term_string}"},"query-input":{"@type":"PropertyValueSpecification","valueRequired":true,"valueName":"search_term_string"}}],"inLanguage":"de"}]}},"_links":{"self":[{"href":"https:\/\/www.urlaub-im-zillertal.at\/haus-wechselberger\/wp-json\/wp\/v2\/pages\/18","targetHints":{"allow":["GET"]}}],"collection":[{"href":"https:\/\/www.urlaub-im-zillertal.at\/haus-wechselberger\/wp-json\/wp\/v2\/pages"}],"about":[{"href":"https:\/\/www.urlaub-im-zillertal.at\/haus-wechselberger\/wp-json\/wp\/v2\/types\/page"}],"author":[{"embeddable":true,"href":"https:\/\/www.urlaub-im-zillertal.at\/haus-wechselberger\/wp-json\/wp\/v2\/users\/1"}],"replies":[{"embeddable":true,"href":"https:\/\/www.urlaub-im-zillertal.at\/haus-wechselberger\/wp-json\/wp\/v2\/comments?post=18"}],"version-history":[{"count":25,"href":"https:\/\/www.urlaub-im-zillertal.at\/haus-wechselberger\/wp-json\/wp\/v2\/pages\/18\/revisions"}],"predecessor-version":[{"id":2175,"href":"https:\/\/www.urlaub-im-zillertal.at\/haus-wechselberger\/wp-json\/wp\/v2\/pages\/18\/revisions\/2175"}],"wp:attachment":[{"href":"https:\/\/www.urlaub-im-zillertal.at\/haus-wechselberger\/wp-json\/wp\/v2\/media?parent=18"}],"curies":[{"name":"wp","href":"https:\/\/api.w.org\/{rel}","templated":true}]}}