{"id":5,"date":"2020-07-07T21:57:23","date_gmt":"2020-07-07T19:57:23","guid":{"rendered":"http:\/\/www.urlaub-im-zillertal.at\/appartement-angelika\/datenschutz\/"},"modified":"2020-09-24T23:19:19","modified_gmt":"2020-09-24T21:19:19","slug":"datenschutz","status":"publish","type":"page","link":"https:\/\/www.urlaub-im-zillertal.at\/appartement-angelika\/datenschutz\/","title":{"rendered":"Datenschutz"},"content":{"rendered":"<p>[et_pb_section fb_built=&#8220;1&#8243; _builder_version=&#8220;4.4.9&#8243; custom_padding=&#8220;||80px||false|false&#8220; bottom_divider_style=&#8220;arrow3&#8243; bottom_divider_color=&#8220;#dcddd8&#8243; bottom_divider_height=&#8220;50px&#8220;][et_pb_row _builder_version=&#8220;4.4.9&#8243;][et_pb_column type=&#8220;4_4&#8243; _builder_version=&#8220;4.4.9&#8243;][et_pb_text _builder_version=&#8220;4.5.6&#8243;]<\/p>\n<h2><strong>Datenschutz<\/strong><\/h2>\n<div class=\"nd_options_section nd_options_height_20\"><\/div>\n<div class=\"vc_row wpb_row vc_row-fluid\">\n<div class=\"wpb_column vc_column_container vc_col-sm-12\">\n<div class=\"vc_column-inner\">\n<div class=\"wpb_wrapper\">\n<div class=\"wpb_text_column wpb_content_element \">\n<div class=\"wpb_wrapper\">\n<h3>DATENSCHUTZERKL\u00c4RUNG<\/h3>\n<p><span>Der Schutz Ihrer pers\u00f6nlichen Daten ist uns ein besonderes Anliegen. Wir verarbeiten Ihre Daten daher ausschlie\u00dflich auf Grundlage der gesetzlichen Bestimmungen (DSGVO, TKG 2003). In diesen Datenschutzinformationen informieren wir Sie \u00fcber die wichtigsten Aspekte der Datenverarbeitung im Rahmen unserer Website.<\/span><\/p>\n<\/div>\n<\/div>\n<\/div>\n<\/div>\n<\/div>\n<\/div>\n<p>[\/et_pb_text][et_pb_text _builder_version=&#8220;4.5.6&#8243; _module_preset=&#8220;default&#8220;]<\/p>\n<h4>Kontakt mit uns<\/h4>\n<p>Wenn Sie per Formular auf der Website oder per E-Mail Kontakt mit uns aufnehmen, werden Ihre angegebenen Daten zwecks Bearbeitung der Anfrage und f\u00fcr den Fall von Anschlussfragen sechs Monate bei uns gespeichert. Diese Daten geben wir nicht ohne Ihre Einwilligung weiter.[\/et_pb_text][et_pb_text _builder_version=&#8220;4.5.6&#8243; _module_preset=&#8220;default&#8220;]<\/p>\n<h4>Cookies<\/h4>\n<p>Unsere Website verwendet sogenannte Cookies. Dabei handelt es sich um kleine Textdateien, die mit Hilfe des Browsers auf Ihrem Endger\u00e4t abgelegt werden. Sie richten keinen Schaden an.&nbsp;Wir nutzen Cookies dazu, unser Angebot benutzerfreundlich zu gestalten. Einige Cookies bleiben auf Ihrem Endger\u00e4t gespeichert, bis Sie diese l\u00f6schen. Sie erm\u00f6glichen es uns, Ihren Browser beim n\u00e4chsten Besuch wiederzuerkennen.<\/p>\n<p>Wenn Sie dies nicht w\u00fcnschen, so k\u00f6nnen Sie Ihren Browser so einrichten, dass er Sie \u00fcber das Setzen von Cookies informiert und Sie dies nur im Einzelfall erlauben.&nbsp;Bei der Deaktivierung von Cookies kann die Funktionalit\u00e4t unserer Website eingeschr\u00e4nkt sein.[\/et_pb_text][et_pb_text _builder_version=&#8220;4.5.6&#8243; _module_preset=&#8220;default&#8220;]<\/p>\n<h4>Web-Analyse<\/h4>\n<p>Unsere Website verwendet Funktionen des Webanalysedienstes Google Analytics des Anbieters Google LLC. Dazu werden Cookies verwendet, die eine Analyse der Benutzung der Website durch Ihre Benutzer erm\u00f6glicht. Die dadurch erzeugten Informationen werden auf den Server des Anbieters \u00fcbertragen und dort gespeichert. Ihre IP-Adresse wird erfasst, aber umgehend pseudonymisiert. Dadurch ist nur mehr eine grobe Lokalisierung m\u00f6glich.<\/p>\n<p>Sie k\u00f6nnen dies verhindern, indem Sie Ihren Browser so einrichten, dass keine Cookies gespeichert werden. Wir haben mit dem Anbieter einen entsprechenden Vertrag zur Auftragsdatenverarbeitung abgeschlossen.<\/p>\n<p>Die Beziehung zum Webanalyseanbieter basiert auf der Einhaltung des vom US-Handelsministerium ver\u00f6ffentlichten Privacy-Shield-Abkommens zwischen der EU und den USA und ist somit im Einklang mit der DSGVO. Die Datenverarbeitung erfolgt auf Basis der gesetzlichen Bestimmungen des \u00a7 96 Abs 3 TKG sowie des Art 6 Abs 1 lit f berechtigtes Interesse der DSGVO. Unser Anliegen im Sinne der DSGVO f\u00fcr berechtigtes Interesse ist die Verbesserung unseres Angebotes und unseres Webauftritts. Da uns die Privatsph\u00e4re unserer Nutzer wichtig ist, werden die Nutzerdaten pseudonymisiert. Die Nutzerdaten werden f\u00fcr die Dauer von 24 Monaten aufbewahrt.[\/et_pb_text][et_pb_text _builder_version=&#8220;4.5.6&#8243; _module_preset=&#8220;default&#8220;]<\/p>\n<h4>Google Maps<\/h4>\n<p>Diese Seite nutzt Google Maps des Anbieters Google LLC.<\/p>\n<p>F\u00fcr die Anzeige der Karteninformationen ist es notwendig, dass ihre IP Adresse von Google Maps verarbeitet wird. Weiters werden f\u00fcr die Verwendung des Kartendienstes Cookie auf ihrem System abgelegt. Wenn Sie dies nicht w\u00fcnschen, so k\u00f6nnen Sie Ihren Browser so einrichten, dass er Sie \u00fcber das Setzen von Cookies informiert und Sie dies nur im Einzelfall erlauben.<\/p>\n<p>Wir haben mit dem Anbieter einen entsprechenden Vertrag zur Auftragsdatenverarbeitung abgeschlossen. Die Beziehung zum Kartenanbieter basiert auf der Einhaltung des vom US-Handelsministerium ver\u00f6ffentlichten Privacy-Shield-Abkommens zwischen der EU und den USA und ist somit im Einklang mit der DSGVO. Die Datenverarbeitung erfolgt auf Basis der gesetzlichen Bestimmungen des \u00a7 96 Abs 3 TKG sowie des Art 6 Abs 1 lit f berechtigtes Interesse der DSGVO. Unser Anliegen im Sinne der DSGVO f\u00fcr berechtigtes Interesse ist die zeitgem\u00e4\u00dfe Darstellung von ortsbezogenen Informationen auf unserer Website.[\/et_pb_text][et_pb_text _builder_version=&#8220;4.5.6&#8243; _module_preset=&#8220;default&#8220;]<\/p>\n<h4>Ihre Rechte<\/h4>\n<p>Ihnen stehen grunds\u00e4tzlich die Rechte auf Auskunft, Berichtigung, L\u00f6schung, Einschr\u00e4nkung, Daten\u00fcbertragbarkeit, Widerruf und Widerspruch zu. Wenn Sie glauben, dass die Verarbeitung Ihrer Daten gegen das Datenschutzrecht verst\u00f6\u00dft oder Ihre datenschutzrechtlichen Anspr\u00fcche sonst in einer Weise verletzt worden sind, k\u00f6nnen Sie sich bei der Aufsichtsbeh\u00f6rde beschweren. In \u00d6sterreich ist dies die Datenschutzbeh\u00f6rde.[\/et_pb_text][et_pb_text _builder_version=&#8220;4.4.9&#8243;]<\/p>\n<h4>Kontaktdaten<\/h4>\n<p>Bei Fragen oder Anliegen wenden Sie sich bitte an uns! Sie erreichen uns unter folgenden Kontaktdaten:<\/p>\n<p style=\"text-align: left;\"><strong>Appartement Angelika<\/strong><br \/> Angelika Tomann<br \/> Stockach 238a &#8211; A-6283 Schwendau<\/p>\n<p style=\"text-align: left;\">Telefon: +43-650-6283235<br \/> E-Mail:\u00a0<a href=\"mailto:mail@urlaub-im-zillertal.at\">mail@urlaub-im-zillertal.at<\/a><\/p>\n<p>[\/et_pb_text][et_pb_text _builder_version=&#8220;4.4.9&#8243;]<\/p>\n<h4 style=\"text-align: left;\">Stand<\/h4>\n<p style=\"text-align: left;\">17. August 2020<br \/>\n\u00c4nderungen je nach aktueller Gesetzgebung vorbehalten.<\/p>\n<p>[\/et_pb_text][et_pb_text _builder_version=&#8220;4.4.9&#8243;]<\/p>\n<h4>Weiterf\u00fchrende Links<\/h4>\n<p>Details zur DSGVO \/ die offizielle \u00d6sterreich-Ausgabe finden Sie hier:<br \/>\n(Hinweis: untenstehender Link ist ein externer Link: Quelle Datenschutzbeh\u00f6rde \u00d6sterreich)<br \/>\n<a href=\"https:\/\/www.dsb.gv.at\/datenschutz-grundverordnung\" target=\"_blank\" rel=\"noopener noreferrer\">https:\/\/www.dsb.gv.at\/datenschutz-grundverordnung<\/a>[\/et_pb_text][\/et_pb_column][\/et_pb_row][\/et_pb_section]<\/p>\n","protected":false},"excerpt":{"rendered":"<p>Datenschutz DATENSCHUTZERKL\u00c4RUNG Der Schutz Ihrer pers\u00f6nlichen Daten ist uns ein besonderes Anliegen. Wir verarbeiten Ihre Daten daher ausschlie\u00dflich auf Grundlage der gesetzlichen Bestimmungen (DSGVO, TKG 2003). In diesen Datenschutzinformationen informieren wir Sie \u00fcber die wichtigsten Aspekte der Datenverarbeitung im Rahmen unserer Website. Kontakt mit uns Wenn Sie per Formular auf der Website oder per E-Mail [&hellip;]<\/p>\n","protected":false},"author":1,"featured_media":0,"parent":0,"menu_order":0,"comment_status":"closed","ping_status":"closed","template":"","meta":{"_et_pb_use_builder":"on","_et_pb_old_content":"[et_pb_section fb_built=\"1\" _builder_version=\"4.4.9\" custom_padding=\"||80px||false|false\" bottom_divider_style=\"arrow3\" bottom_divider_color=\"#dcddd8\" bottom_divider_height=\"50px\"][et_pb_row _builder_version=\"4.4.9\"][et_pb_column type=\"4_4\" _builder_version=\"4.4.9\"][et_pb_text _builder_version=\"4.5.6\" hover_enabled=\"0\"]\n<h2><strong>Datenschutz<\/strong><\/h2>\n<div class=\"nd_options_section nd_options_height_20\"><\/div>\n<div class=\"vc_row wpb_row vc_row-fluid\">\n<div class=\"wpb_column vc_column_container vc_col-sm-12\">\n<div class=\"vc_column-inner\">\n<div class=\"wpb_wrapper\">\n<div class=\"wpb_text_column wpb_content_element \">\n<div class=\"wpb_wrapper\">\n<h3>DATENSCHUTZERKL\u00c4RUNG<\/h3>\n<span>Der Schutz Ihrer pers\u00f6nlichen Daten ist uns ein besonderes Anliegen. Wir verarbeiten Ihre Daten daher ausschlie\u00dflich auf Grundlage der gesetzlichen Bestimmungen (DSGVO, TKG 2003). In diesen Datenschutzinformationen informieren wir Sie \u00fcber die wichtigsten Aspekte der Datenverarbeitung im Rahmen unserer Website.<\/span>\n\n<\/div>\n<\/div>\n<\/div>\n<\/div>\n<\/div>\n<\/div>\n[\/et_pb_text][et_pb_text _builder_version=\"4.5.6\" _module_preset=\"default\" hover_enabled=\"0\"]\n<h4>Kontakt mit uns<\/h4>\nWenn Sie per Formular auf der Website oder per E-Mail Kontakt mit uns aufnehmen, werden Ihre angegebenen Daten zwecks Bearbeitung der Anfrage und f\u00fcr den Fall von Anschlussfragen sechs Monate bei uns gespeichert. Diese Daten geben wir nicht ohne Ihre Einwilligung weiter.\n\n[\/et_pb_text][et_pb_text _builder_version=\"4.5.6\" _module_preset=\"default\" hover_enabled=\"0\"]\n<h4>Cookies<\/h4>\nUnsere Website verwendet sogenannte Cookies. Dabei handelt es sich um kleine Textdateien, die mit Hilfe des Browsers auf Ihrem Endger\u00e4t abgelegt werden. Sie richten keinen Schaden an.&nbsp;Wir nutzen Cookies dazu, unser Angebot benutzerfreundlich zu gestalten. Einige Cookies bleiben auf Ihrem Endger\u00e4t gespeichert, bis Sie diese l\u00f6schen. Sie erm\u00f6glichen es uns, Ihren Browser beim n\u00e4chsten Besuch wiederzuerkennen.\n\nWenn Sie dies nicht w\u00fcnschen, so k\u00f6nnen Sie Ihren Browser so einrichten, dass er Sie \u00fcber das Setzen von Cookies informiert und Sie dies nur im Einzelfall erlauben.&nbsp;Bei der Deaktivierung von Cookies kann die Funktionalit\u00e4t unserer Website eingeschr\u00e4nkt sein.\n\n[\/et_pb_text][et_pb_text _builder_version=\"4.5.6\" _module_preset=\"default\" hover_enabled=\"0\"]\n<h4>Web-Analyse<\/h4>\nUnsere Website verwendet Funktionen des Webanalysedienstes Google Analytics des Anbieters Google LLC. Dazu werden Cookies verwendet, die eine Analyse der Benutzung der Website durch Ihre Benutzer erm\u00f6glicht. Die dadurch erzeugten Informationen werden auf den Server des Anbieters \u00fcbertragen und dort gespeichert. Ihre IP-Adresse wird erfasst, aber umgehend pseudonymisiert. Dadurch ist nur mehr eine grobe Lokalisierung m\u00f6glich.\n\nSie k\u00f6nnen dies verhindern, indem Sie Ihren Browser so einrichten, dass keine Cookies gespeichert werden. Wir haben mit dem Anbieter einen entsprechenden Vertrag zur Auftragsdatenverarbeitung abgeschlossen.\n\nDie Beziehung zum Webanalyseanbieter basiert auf der Einhaltung des vom US-Handelsministerium ver\u00f6ffentlichten Privacy-Shield-Abkommens zwischen der EU und den USA und ist somit im Einklang mit der DSGVO. Die Datenverarbeitung erfolgt auf Basis der gesetzlichen Bestimmungen des \u00a7 96 Abs 3 TKG sowie des Art 6 Abs 1 lit f berechtigtes Interesse der DSGVO. Unser Anliegen im Sinne der DSGVO f\u00fcr berechtigtes Interesse ist die Verbesserung unseres Angebotes und unseres Webauftritts. Da uns die Privatsph\u00e4re unserer Nutzer wichtig ist, werden die Nutzerdaten pseudonymisiert. Die Nutzerdaten werden f\u00fcr die Dauer von 24 Monaten aufbewahrt.\n\n[\/et_pb_text][et_pb_text _builder_version=\"4.5.6\" _module_preset=\"default\" hover_enabled=\"0\"]\n<h4>Google Maps<\/h4>\nDiese Seite nutzt Google Maps des Anbieters Google LLC.\n\nF\u00fcr die Anzeige der Karteninformationen ist es notwendig, dass ihre IP Adresse von Google Maps verarbeitet wird. Weiters werden f\u00fcr die Verwendung des Kartendienstes Cookie auf ihrem System abgelegt. Wenn Sie dies nicht w\u00fcnschen, so k\u00f6nnen Sie Ihren Browser so einrichten, dass er Sie \u00fcber das Setzen von Cookies informiert und Sie dies nur im Einzelfall erlauben.\n\nWir haben mit dem Anbieter einen entsprechenden Vertrag zur Auftragsdatenverarbeitung abgeschlossen. Die Beziehung zum Kartenanbieter basiert auf der Einhaltung des vom US-Handelsministerium ver\u00f6ffentlichten Privacy-Shield-Abkommens zwischen der EU und den USA und ist somit im Einklang mit der DSGVO. Die Datenverarbeitung erfolgt auf Basis der gesetzlichen Bestimmungen des \u00a7 96 Abs 3 TKG sowie des Art 6 Abs 1 lit f berechtigtes Interesse der DSGVO. Unser Anliegen im Sinne der DSGVO f\u00fcr berechtigtes Interesse ist die zeitgem\u00e4\u00dfe Darstellung von ortsbezogenen Informationen auf unserer Website.\n\n[\/et_pb_text][et_pb_text _builder_version=\"4.5.6\" _module_preset=\"default\" hover_enabled=\"0\"]\n<h4>Ihre Rechte<\/h4>\nIhnen stehen grunds\u00e4tzlich die Rechte auf Auskunft, Berichtigung, L\u00f6schung, Einschr\u00e4nkung, Daten\u00fcbertragbarkeit, Widerruf und Widerspruch zu. Wenn Sie glauben, dass die Verarbeitung Ihrer Daten gegen das Datenschutzrecht verst\u00f6\u00dft oder Ihre datenschutzrechtlichen Anspr\u00fcche sonst in einer Weise verletzt worden sind, k\u00f6nnen Sie sich bei der Aufsichtsbeh\u00f6rde beschweren. In \u00d6sterreich ist dies die Datenschutzbeh\u00f6rde.\n\n[\/et_pb_text][et_pb_text _builder_version=\"4.4.9\"]\n<h4>Kontaktdaten<\/h4>\nBei Fragen oder Anliegen wenden Sie sich bitte an uns! Sie erreichen uns unter folgenden Kontaktdaten:\n<p style=\"text-align: left;\"><strong>Appartement Roswitha<\/strong>\nRoswitha Sporer\nStockach 238 - A-6283 Schwendau<\/p>\n<p style=\"text-align: left;\">Telefon: +43-664-5280981\nE-Mail:&nbsp;<a href=\"mailto:office@urlaub-im-zillertal.at\">office@urlaub-im-zillertal.at<\/a><\/p>\n[\/et_pb_text][et_pb_text _builder_version=\"4.4.9\"]\n<h4 style=\"text-align: left;\">Stand<\/h4>\n<p style=\"text-align: left;\">17. August 2020\n\u00c4nderungen je nach aktueller Gesetzgebung vorbehalten.<\/p>\n[\/et_pb_text][et_pb_text _builder_version=\"4.4.9\"]\n<h4>Weiterf\u00fchrende Links<\/h4>\nDetails zur DSGVO \/ die offizielle \u00d6sterreich-Ausgabe finden Sie hier:\n(Hinweis: untenstehender Link ist ein externer Link: Quelle Datenschutzbeh\u00f6rde \u00d6sterreich)\n<a href=\"https:\/\/www.dsb.gv.at\/datenschutz-grundverordnung\" target=\"_blank\" rel=\"noopener noreferrer\">https:\/\/www.dsb.gv.at\/datenschutz-grundverordnung<\/a>\n\n[\/et_pb_text][\/et_pb_column][\/et_pb_row][\/et_pb_section]","_et_gb_content_width":"1080","footnotes":""},"difl_page_category":[],"class_list":["post-5","page","type-page","status-publish","hentry"],"yoast_head":"<!-- This site is optimized with the Yoast SEO plugin v27.5 - https:\/\/yoast.com\/product\/yoast-seo-wordpress\/ -->\n<title>Datenschutz - Appartement Angelika<\/title>\n<meta name=\"robots\" content=\"index, follow, max-snippet:-1, max-image-preview:large, max-video-preview:-1\" \/>\n<link rel=\"canonical\" href=\"https:\/\/www.urlaub-im-zillertal.at\/appartement-angelika\/datenschutz\/\" \/>\n<meta property=\"og:locale\" content=\"de_DE\" \/>\n<meta property=\"og:type\" content=\"article\" \/>\n<meta property=\"og:title\" content=\"Datenschutz - Appartement Angelika\" \/>\n<meta property=\"og:description\" content=\"Datenschutz DATENSCHUTZERKL\u00c4RUNG Der Schutz Ihrer pers\u00f6nlichen Daten ist uns ein besonderes Anliegen. Wir verarbeiten Ihre Daten daher ausschlie\u00dflich auf Grundlage der gesetzlichen Bestimmungen (DSGVO, TKG 2003). In diesen Datenschutzinformationen informieren wir Sie \u00fcber die wichtigsten Aspekte der Datenverarbeitung im Rahmen unserer Website. Kontakt mit uns Wenn Sie per Formular auf der Website oder per E-Mail [&hellip;]\" \/>\n<meta property=\"og:url\" content=\"https:\/\/www.urlaub-im-zillertal.at\/appartement-angelika\/datenschutz\/\" \/>\n<meta property=\"og:site_name\" content=\"Appartement Angelika\" \/>\n<meta property=\"article:modified_time\" content=\"2020-09-24T21:19:19+00:00\" \/>\n<meta name=\"twitter:card\" content=\"summary_large_image\" \/>\n<meta name=\"twitter:label1\" content=\"Gesch\u00e4tzte Lesezeit\" \/>\n\t<meta name=\"twitter:data1\" content=\"4\u00a0Minuten\" \/>\n<script type=\"application\/ld+json\" class=\"yoast-schema-graph\">{\"@context\":\"https:\\\/\\\/schema.org\",\"@graph\":[{\"@type\":\"WebPage\",\"@id\":\"https:\\\/\\\/www.urlaub-im-zillertal.at\\\/appartement-angelika\\\/datenschutz\\\/\",\"url\":\"https:\\\/\\\/www.urlaub-im-zillertal.at\\\/appartement-angelika\\\/datenschutz\\\/\",\"name\":\"Datenschutz - Appartement Angelika\",\"isPartOf\":{\"@id\":\"https:\\\/\\\/www.urlaub-im-zillertal.at\\\/appartement-angelika\\\/#website\"},\"datePublished\":\"2020-07-07T19:57:23+00:00\",\"dateModified\":\"2020-09-24T21:19:19+00:00\",\"breadcrumb\":{\"@id\":\"https:\\\/\\\/www.urlaub-im-zillertal.at\\\/appartement-angelika\\\/datenschutz\\\/#breadcrumb\"},\"inLanguage\":\"de\",\"potentialAction\":[{\"@type\":\"ReadAction\",\"target\":[\"https:\\\/\\\/www.urlaub-im-zillertal.at\\\/appartement-angelika\\\/datenschutz\\\/\"]}]},{\"@type\":\"BreadcrumbList\",\"@id\":\"https:\\\/\\\/www.urlaub-im-zillertal.at\\\/appartement-angelika\\\/datenschutz\\\/#breadcrumb\",\"itemListElement\":[{\"@type\":\"ListItem\",\"position\":1,\"name\":\"Startseite\",\"item\":\"https:\\\/\\\/www.urlaub-im-zillertal.at\\\/appartement-angelika\\\/\"},{\"@type\":\"ListItem\",\"position\":2,\"name\":\"Datenschutz\"}]},{\"@type\":\"WebSite\",\"@id\":\"https:\\\/\\\/www.urlaub-im-zillertal.at\\\/appartement-angelika\\\/#website\",\"url\":\"https:\\\/\\\/www.urlaub-im-zillertal.at\\\/appartement-angelika\\\/\",\"name\":\"Appartement Angelika\",\"description\":\"Ankommen und Wohlf\u00fchlen\",\"publisher\":{\"@id\":\"https:\\\/\\\/www.urlaub-im-zillertal.at\\\/appartement-angelika\\\/#organization\"},\"potentialAction\":[{\"@type\":\"SearchAction\",\"target\":{\"@type\":\"EntryPoint\",\"urlTemplate\":\"https:\\\/\\\/www.urlaub-im-zillertal.at\\\/appartement-angelika\\\/?s={search_term_string}\"},\"query-input\":{\"@type\":\"PropertyValueSpecification\",\"valueRequired\":true,\"valueName\":\"search_term_string\"}}],\"inLanguage\":\"de\"},{\"@type\":\"Organization\",\"@id\":\"https:\\\/\\\/www.urlaub-im-zillertal.at\\\/appartement-angelika\\\/#organization\",\"name\":\"Appartement Angelika\",\"url\":\"https:\\\/\\\/www.urlaub-im-zillertal.at\\\/appartement-angelika\\\/\",\"logo\":{\"@type\":\"ImageObject\",\"inLanguage\":\"de\",\"@id\":\"https:\\\/\\\/www.urlaub-im-zillertal.at\\\/appartement-angelika\\\/#\\\/schema\\\/logo\\\/image\\\/\",\"url\":\"https:\\\/\\\/www.urlaub-im-zillertal.at\\\/appartement-angelika\\\/wp-content\\\/uploads\\\/sites\\\/4\\\/2020\\\/09\\\/grosse-gemuetliche-Sitzecke-und-Couch.jpg\",\"contentUrl\":\"https:\\\/\\\/www.urlaub-im-zillertal.at\\\/appartement-angelika\\\/wp-content\\\/uploads\\\/sites\\\/4\\\/2020\\\/09\\\/grosse-gemuetliche-Sitzecke-und-Couch.jpg\",\"width\":2500,\"height\":1874,\"caption\":\"Appartement Angelika\"},\"image\":{\"@id\":\"https:\\\/\\\/www.urlaub-im-zillertal.at\\\/appartement-angelika\\\/#\\\/schema\\\/logo\\\/image\\\/\"}}]}<\/script>\n<!-- \/ Yoast SEO plugin. -->","yoast_head_json":{"title":"Datenschutz - Appartement Angelika","robots":{"index":"index","follow":"follow","max-snippet":"max-snippet:-1","max-image-preview":"max-image-preview:large","max-video-preview":"max-video-preview:-1"},"canonical":"https:\/\/www.urlaub-im-zillertal.at\/appartement-angelika\/datenschutz\/","og_locale":"de_DE","og_type":"article","og_title":"Datenschutz - Appartement Angelika","og_description":"Datenschutz DATENSCHUTZERKL\u00c4RUNG Der Schutz Ihrer pers\u00f6nlichen Daten ist uns ein besonderes Anliegen. Wir verarbeiten Ihre Daten daher ausschlie\u00dflich auf Grundlage der gesetzlichen Bestimmungen (DSGVO, TKG 2003). In diesen Datenschutzinformationen informieren wir Sie \u00fcber die wichtigsten Aspekte der Datenverarbeitung im Rahmen unserer Website. Kontakt mit uns Wenn Sie per Formular auf der Website oder per E-Mail [&hellip;]","og_url":"https:\/\/www.urlaub-im-zillertal.at\/appartement-angelika\/datenschutz\/","og_site_name":"Appartement Angelika","article_modified_time":"2020-09-24T21:19:19+00:00","twitter_card":"summary_large_image","twitter_misc":{"Gesch\u00e4tzte Lesezeit":"4\u00a0Minuten"},"schema":{"@context":"https:\/\/schema.org","@graph":[{"@type":"WebPage","@id":"https:\/\/www.urlaub-im-zillertal.at\/appartement-angelika\/datenschutz\/","url":"https:\/\/www.urlaub-im-zillertal.at\/appartement-angelika\/datenschutz\/","name":"Datenschutz - Appartement Angelika","isPartOf":{"@id":"https:\/\/www.urlaub-im-zillertal.at\/appartement-angelika\/#website"},"datePublished":"2020-07-07T19:57:23+00:00","dateModified":"2020-09-24T21:19:19+00:00","breadcrumb":{"@id":"https:\/\/www.urlaub-im-zillertal.at\/appartement-angelika\/datenschutz\/#breadcrumb"},"inLanguage":"de","potentialAction":[{"@type":"ReadAction","target":["https:\/\/www.urlaub-im-zillertal.at\/appartement-angelika\/datenschutz\/"]}]},{"@type":"BreadcrumbList","@id":"https:\/\/www.urlaub-im-zillertal.at\/appartement-angelika\/datenschutz\/#breadcrumb","itemListElement":[{"@type":"ListItem","position":1,"name":"Startseite","item":"https:\/\/www.urlaub-im-zillertal.at\/appartement-angelika\/"},{"@type":"ListItem","position":2,"name":"Datenschutz"}]},{"@type":"WebSite","@id":"https:\/\/www.urlaub-im-zillertal.at\/appartement-angelika\/#website","url":"https:\/\/www.urlaub-im-zillertal.at\/appartement-angelika\/","name":"Appartement Angelika","description":"Ankommen und Wohlf\u00fchlen","publisher":{"@id":"https:\/\/www.urlaub-im-zillertal.at\/appartement-angelika\/#organization"},"potentialAction":[{"@type":"SearchAction","target":{"@type":"EntryPoint","urlTemplate":"https:\/\/www.urlaub-im-zillertal.at\/appartement-angelika\/?s={search_term_string}"},"query-input":{"@type":"PropertyValueSpecification","valueRequired":true,"valueName":"search_term_string"}}],"inLanguage":"de"},{"@type":"Organization","@id":"https:\/\/www.urlaub-im-zillertal.at\/appartement-angelika\/#organization","name":"Appartement Angelika","url":"https:\/\/www.urlaub-im-zillertal.at\/appartement-angelika\/","logo":{"@type":"ImageObject","inLanguage":"de","@id":"https:\/\/www.urlaub-im-zillertal.at\/appartement-angelika\/#\/schema\/logo\/image\/","url":"https:\/\/www.urlaub-im-zillertal.at\/appartement-angelika\/wp-content\/uploads\/sites\/4\/2020\/09\/grosse-gemuetliche-Sitzecke-und-Couch.jpg","contentUrl":"https:\/\/www.urlaub-im-zillertal.at\/appartement-angelika\/wp-content\/uploads\/sites\/4\/2020\/09\/grosse-gemuetliche-Sitzecke-und-Couch.jpg","width":2500,"height":1874,"caption":"Appartement Angelika"},"image":{"@id":"https:\/\/www.urlaub-im-zillertal.at\/appartement-angelika\/#\/schema\/logo\/image\/"}}]}},"_links":{"self":[{"href":"https:\/\/www.urlaub-im-zillertal.at\/appartement-angelika\/wp-json\/wp\/v2\/pages\/5","targetHints":{"allow":["GET"]}}],"collection":[{"href":"https:\/\/www.urlaub-im-zillertal.at\/appartement-angelika\/wp-json\/wp\/v2\/pages"}],"about":[{"href":"https:\/\/www.urlaub-im-zillertal.at\/appartement-angelika\/wp-json\/wp\/v2\/types\/page"}],"author":[{"embeddable":true,"href":"https:\/\/www.urlaub-im-zillertal.at\/appartement-angelika\/wp-json\/wp\/v2\/users\/1"}],"replies":[{"embeddable":true,"href":"https:\/\/www.urlaub-im-zillertal.at\/appartement-angelika\/wp-json\/wp\/v2\/comments?post=5"}],"version-history":[{"count":3,"href":"https:\/\/www.urlaub-im-zillertal.at\/appartement-angelika\/wp-json\/wp\/v2\/pages\/5\/revisions"}],"predecessor-version":[{"id":281,"href":"https:\/\/www.urlaub-im-zillertal.at\/appartement-angelika\/wp-json\/wp\/v2\/pages\/5\/revisions\/281"}],"wp:attachment":[{"href":"https:\/\/www.urlaub-im-zillertal.at\/appartement-angelika\/wp-json\/wp\/v2\/media?parent=5"}],"wp:term":[{"taxonomy":"difl_page_category","embeddable":true,"href":"https:\/\/www.urlaub-im-zillertal.at\/appartement-angelika\/wp-json\/wp\/v2\/difl_page_category?post=5"}],"curies":[{"name":"wp","href":"https:\/\/api.w.org\/{rel}","templated":true}]}}